{"id":86740,"date":"2020-08-10T14:58:49","date_gmt":"2020-08-10T12:58:49","guid":{"rendered":"https:\/\/ricamificiomigra.it\/?page_id=86740"},"modified":"2025-06-17T14:37:55","modified_gmt":"2025-06-17T12:37:55","slug":"pret-a-porter","status":"publish","type":"page","link":"https:\/\/ricamificiomigra.it\/en\/pret-a-porter\/","title":{"rendered":"PR\u00caT-\u00c0-PORTER"},"content":{"rendered":"<div class=\"wpb-content-wrapper\"><p>[vc_row unlock_row_content=&#8221;yes&#8221; row_height_percent=&#8221;0&#8243; override_padding=&#8221;yes&#8221; h_padding=&#8221;0&#8243; top_padding=&#8221;0&#8243; bottom_padding=&#8221;0&#8243; back_image=&#8221;87971&#8243; overlay_alpha=&#8221;50&#8243; gutter_size=&#8221;0&#8243; column_width_percent=&#8221;100&#8243; shift_y=&#8221;0&#8243; z_index=&#8221;0&#8243; css=&#8221;.vc_custom_1604938405956{padding-bottom: 5% !important;}&#8221;][vc_column column_width_percent=&#8221;100&#8243; gutter_size=&#8221;3&#8243; override_padding=&#8221;yes&#8221; column_padding=&#8221;0&#8243; overlay_alpha=&#8221;50&#8243; shift_x=&#8221;0&#8243; shift_y=&#8221;0&#8243; shift_y_down=&#8221;0&#8243; z_index=&#8221;0&#8243; medium_width=&#8221;0&#8243; mobile_width=&#8221;0&#8243; width=&#8221;1\/2&#8243; css=&#8221;.vc_custom_1604938336854{border-top-width: 30px !important;padding-bottom: 5% !important;}&#8221;][vc_row_inner row_inner_height_percent=&#8221;0&#8243; back_color=&#8221;color-xsdn&#8221; overlay_alpha=&#8221;50&#8243; gutter_size=&#8221;3&#8243; border_color=&#8221;color-xsdn&#8221; shift_y=&#8221;0&#8243; z_index=&#8221;0&#8243; el_class=&#8221;spazioBianco&#8221; limit_content=&#8221;&#8221;][vc_column_inner column_width_percent=&#8221;100&#8243; gutter_size=&#8221;3&#8243; back_color=&#8221;color-xsdn&#8221; overlay_alpha=&#8221;50&#8243; shift_x=&#8221;0&#8243; shift_y=&#8221;0&#8243; shift_y_down=&#8221;0&#8243; z_index=&#8221;0&#8243; medium_width=&#8221;0&#8243; mobile_width=&#8221;0&#8243; width=&#8221;1\/1&#8243;][\/vc_column_inner][\/vc_row_inner][vc_row_inner row_inner_height_percent=&#8221;0&#8243; back_color=&#8221;color-252679&#8243; overlay_alpha=&#8221;50&#8243; equal_height=&#8221;yes&#8221; gutter_size=&#8221;0&#8243; shift_y=&#8221;0&#8243; z_index=&#8221;0&#8243; row_height_pixel=&#8221;250&#8243; el_class=&#8221;riquadroLecollezioni&#8221; limit_content=&#8221;&#8221;][vc_column_inner column_width_percent=&#8221;100&#8243; gutter_size=&#8221;3&#8243; back_color=&#8221;color-252679&#8243; back_image=&#8221;88023&#8243; back_repeat=&#8221;no-repeat&#8221; back_attachment=&#8221;scroll&#8221; back_position=&#8221;left top&#8221; overlay_alpha=&#8221;50&#8243; shift_x=&#8221;0&#8243; shift_y=&#8221;0&#8243; shift_y_down=&#8221;0&#8243; z_index=&#8221;0&#8243; medium_width=&#8221;0&#8243; mobile_width=&#8221;0&#8243; width=&#8221;1\/1&#8243; el_class=&#8221;prova1&#8243;][\/vc_column_inner][\/vc_row_inner][vc_column_text css_animation=&#8221;left-t-right&#8221; animation_speed=&#8221;800&#8243; animation_delay=&#8221;300&#8243; css=&#8221;.vc_custom_1750163456835{padding-right: 120px !important;padding-bottom: 5% !important;padding-left: 120px !important;}&#8221; el_class=&#8221;spaziatura3Immagini testoCollezioni&#8221; uncode_shortcode_id=&#8221;124308&#8243;]The Pr\u00eat-\u00e0-porter line is characterized by creations that are always current and that derive from a careful study of trends, which are interpreted and reworked. <strong>It is a collection that, every season, follows and adapts to the demands of the market, combining creativity and proposing innovative techniques<\/strong> to always create unique and refined garments. <strong>The Pr\u00eat-\u00e0-porter line makes elegance and style its strong points.<\/strong>[\/vc_column_text][vc_empty_space empty_h=&#8221;3&#8243;][\/vc_column][vc_column column_width_percent=&#8221;100&#8243; gutter_size=&#8221;3&#8243; override_padding=&#8221;yes&#8221; column_padding=&#8221;0&#8243; overlay_alpha=&#8221;50&#8243; shift_x=&#8221;0&#8243; shift_y=&#8221;0&#8243; shift_y_down=&#8221;0&#8243; z_index=&#8221;0&#8243; medium_width=&#8221;0&#8243; mobile_width=&#8221;0&#8243; width=&#8221;1\/2&#8243;][vc_gallery el_id=&#8221;gallery-984602&#8243; type=&#8221;none&#8221; medias=&#8221;87961 ,112038,112039&#8243; media_items=&#8221;media|nolink|original&#8221; single_back_color=&#8221;color-xsdn&#8221; single_overlay_opacity=&#8221;50&#8243; single_padding=&#8221;2&#8243; single_text_reduced=&#8221;yes&#8221; lbox_dir=&#8221;vertical&#8221;][vc_row_inner row_inner_height_percent=&#8221;0&#8243; overlay_alpha=&#8221;50&#8243; gutter_size=&#8221;3&#8243; shift_y=&#8221;0&#8243; z_index=&#8221;0&#8243; desktop_visibility=&#8221;yes&#8221; limit_content=&#8221;&#8221;][vc_column_inner column_width_percent=&#8221;100&#8243; gutter_size=&#8221;3&#8243; overlay_alpha=&#8221;50&#8243; shift_x=&#8221;0&#8243; shift_y=&#8221;0&#8243; shift_y_down=&#8221;0&#8243; z_index=&#8221;0&#8243; medium_width=&#8221;0&#8243; mobile_width=&#8221;0&#8243; width=&#8221;1\/1&#8243;][vc_column_text css=&#8221;.vc_custom_1750163572427{padding-left: 5% !important;}&#8221; uncode_shortcode_id=&#8221;117813&#8243;]Discover also:[\/vc_column_text][\/vc_column_inner][\/vc_row_inner][vc_row_inner row_inner_height_percent=&#8221;0&#8243; overlay_alpha=&#8221;50&#8243; gutter_size=&#8221;3&#8243; shift_y=&#8221;0&#8243; z_index=&#8221;0&#8243; medium_visibility=&#8221;yes&#8221; mobile_visibility=&#8221;yes&#8221; el_class=&#8221;scopriAnche&#8221; limit_content=&#8221;&#8221;][vc_column_inner column_width_percent=&#8221;100&#8243; gutter_size=&#8221;3&#8243; overlay_alpha=&#8221;50&#8243; shift_x=&#8221;0&#8243; shift_y=&#8221;0&#8243; shift_y_down=&#8221;0&#8243; z_index=&#8221;0&#8243; medium_width=&#8221;0&#8243; mobile_width=&#8221;0&#8243; width=&#8221;1\/1&#8243;][vc_column_text css=&#8221;.vc_custom_1750163495264{padding-left: 5% !important;}&#8221; uncode_shortcode_id=&#8221;669272&#8243;]Discover also:[\/vc_column_text][\/vc_column_inner][\/vc_row_inner][vc_row_inner row_inner_height_percent=&#8221;0&#8243; force_width_grid=&#8221;yes&#8221; overlay_color=&#8221;color-135740&#8243; overlay_alpha=&#8221;60&#8243; gutter_size=&#8221;3&#8243; shift_y=&#8221;0&#8243; z_index=&#8221;0&#8243; medium_visibility=&#8221;yes&#8221; mobile_visibility=&#8221;yes&#8221; css=&#8221;.vc_custom_1605190236844{padding-top: 5% !important;padding-right: 5% !important;padding-bottom: 5% !important;padding-left: 12% !important;}&#8221; el_class=&#8221;scopriLink&#8221; limit_content=&#8221;&#8221;][vc_column_inner column_width_percent=&#8221;100&#8243; position_vertical=&#8221;middle&#8221; gutter_size=&#8221;3&#8243; overlay_alpha=&#8221;50&#8243; shift_x=&#8221;0&#8243; shift_y=&#8221;0&#8243; shift_y_down=&#8221;0&#8243; z_index=&#8221;0&#8243; medium_width=&#8221;0&#8243; mobile_width=&#8221;0&#8243; width=&#8221;1\/4&#8243;][vc_custom_heading heading_semantic=&#8221;h5&#8243; text_font=&#8221;font-432752&#8243; text_size=&#8221;h4&#8243; text_weight=&#8221;200&#8243; el_class=&#8221;pret1&#8243;]<a href=\"https:\/\/ricamificiomigra.it\/haute-couture\/\">Haute Couture<\/a>[\/vc_custom_heading][\/vc_column_inner][vc_column_inner column_width_percent=&#8221;100&#8243; position_vertical=&#8221;middle&#8221; gutter_size=&#8221;3&#8243; overlay_alpha=&#8221;50&#8243; shift_x=&#8221;0&#8243; shift_y=&#8221;0&#8243; shift_y_down=&#8221;0&#8243; z_index=&#8221;0&#8243; medium_width=&#8221;0&#8243; mobile_width=&#8221;0&#8243; width=&#8221;1\/4&#8243;][vc_custom_heading heading_semantic=&#8221;h5&#8243; text_font=&#8221;font-432752&#8243; text_size=&#8221;h4&#8243; text_weight=&#8221;200&#8243; el_class=&#8221;pret2&#8243;]<a href=\"https:\/\/ricamificiomigra.it\/bridal\/\">Bridal<\/a>[\/vc_custom_heading][\/vc_column_inner][vc_column_inner column_width_percent=&#8221;100&#8243; position_vertical=&#8221;middle&#8221; gutter_size=&#8221;3&#8243; overlay_alpha=&#8221;50&#8243; shift_x=&#8221;0&#8243; shift_y=&#8221;0&#8243; shift_y_down=&#8221;0&#8243; z_index=&#8221;0&#8243; medium_width=&#8221;0&#8243; mobile_width=&#8221;0&#8243; width=&#8221;1\/4&#8243;][vc_custom_heading heading_semantic=&#8221;h5&#8243; text_font=&#8221;font-432752&#8243; text_size=&#8221;h4&#8243; text_weight=&#8221;200&#8243; el_class=&#8221;pret3&#8243;]<a href=\"https:\/\/ricamificiomigra.it\/easy\/\">Easy<\/a>[\/vc_custom_heading][\/vc_column_inner][vc_column_inner column_width_percent=&#8221;100&#8243; position_vertical=&#8221;middle&#8221; gutter_size=&#8221;3&#8243; overlay_alpha=&#8221;50&#8243; shift_x=&#8221;0&#8243; shift_y=&#8221;0&#8243; shift_y_down=&#8221;0&#8243; z_index=&#8221;0&#8243; medium_width=&#8221;0&#8243; mobile_width=&#8221;0&#8243; width=&#8221;1\/4&#8243;][vc_custom_heading heading_semantic=&#8221;h5&#8243; text_font=&#8221;font-432752&#8243; text_size=&#8221;h4&#8243; text_weight=&#8221;200&#8243; el_class=&#8221;pret4&#8243;]<a href=\"https:\/\/ricamificiomigra.it\/kids\/\">Kids<\/a>[\/vc_custom_heading][\/vc_column_inner][\/vc_row_inner][\/vc_column][\/vc_row][vc_row unlock_row_content=&#8221;yes&#8221; row_height_percent=&#8221;0&#8243; override_padding=&#8221;yes&#8221; h_padding=&#8221;0&#8243; top_padding=&#8221;0&#8243; bottom_padding=&#8221;0&#8243; overlay_alpha=&#8221;50&#8243; gutter_size=&#8221;3&#8243; column_width_percent=&#8221;100&#8243; shift_y=&#8221;0&#8243; z_index=&#8221;0&#8243; desktop_visibility=&#8221;yes&#8221;][vc_column width=&#8221;1\/1&#8243;][vc_row_inner row_inner_height_percent=&#8221;0&#8243; force_width_grid=&#8221;yes&#8221; overlay_color=&#8221;color-135740&#8243; overlay_alpha=&#8221;60&#8243; gutter_size=&#8221;3&#8243; shift_y=&#8221;0&#8243; z_index=&#8221;0&#8243; desktop_visibility=&#8221;yes&#8221; css=&#8221;.vc_custom_1605007655324{padding-top: 5% !important;padding-right: 5% !important;padding-bottom: 5% !important;padding-left: 12% !important;}&#8221; limit_content=&#8221;&#8221;][vc_column_inner column_width_percent=&#8221;100&#8243; position_vertical=&#8221;middle&#8221; gutter_size=&#8221;3&#8243; overlay_alpha=&#8221;50&#8243; shift_x=&#8221;0&#8243; shift_y=&#8221;0&#8243; shift_y_down=&#8221;0&#8243; z_index=&#8221;0&#8243; medium_width=&#8221;0&#8243; mobile_width=&#8221;0&#8243; width=&#8221;1\/4&#8243;][vc_custom_heading heading_semantic=&#8221;h5&#8243; text_font=&#8221;font-432752&#8243; text_size=&#8221;h4&#8243; text_weight=&#8221;200&#8243; el_class=&#8221;pret1&#8243;]<a href=\"https:\/\/ricamificiomigra.it\/haute-couture\/\">Haute Couture<\/a>[\/vc_custom_heading][\/vc_column_inner][vc_column_inner column_width_percent=&#8221;100&#8243; position_vertical=&#8221;middle&#8221; gutter_size=&#8221;3&#8243; overlay_alpha=&#8221;50&#8243; shift_x=&#8221;0&#8243; shift_y=&#8221;0&#8243; shift_y_down=&#8221;0&#8243; z_index=&#8221;0&#8243; medium_width=&#8221;0&#8243; mobile_width=&#8221;0&#8243; width=&#8221;1\/4&#8243;][vc_custom_heading heading_semantic=&#8221;h5&#8243; text_font=&#8221;font-432752&#8243; text_size=&#8221;h4&#8243; text_weight=&#8221;200&#8243; el_class=&#8221;pret2&#8243;]<a href=\"https:\/\/ricamificiomigra.it\/bridal\/\">Bridal<\/a>[\/vc_custom_heading][\/vc_column_inner][vc_column_inner column_width_percent=&#8221;100&#8243; position_vertical=&#8221;middle&#8221; gutter_size=&#8221;3&#8243; overlay_alpha=&#8221;50&#8243; shift_x=&#8221;0&#8243; shift_y=&#8221;0&#8243; shift_y_down=&#8221;0&#8243; z_index=&#8221;0&#8243; medium_width=&#8221;0&#8243; mobile_width=&#8221;0&#8243; width=&#8221;1\/4&#8243;][vc_custom_heading heading_semantic=&#8221;h5&#8243; text_font=&#8221;font-432752&#8243; text_size=&#8221;h4&#8243; text_weight=&#8221;200&#8243; el_class=&#8221;pret3&#8243;]<a href=\"https:\/\/ricamificiomigra.it\/easy\/\">Easy<\/a>[\/vc_custom_heading][\/vc_column_inner][vc_column_inner column_width_percent=&#8221;100&#8243; position_vertical=&#8221;middle&#8221; gutter_size=&#8221;3&#8243; overlay_alpha=&#8221;50&#8243; shift_x=&#8221;0&#8243; shift_y=&#8221;0&#8243; shift_y_down=&#8221;0&#8243; z_index=&#8221;0&#8243; medium_width=&#8221;0&#8243; mobile_width=&#8221;0&#8243; width=&#8221;1\/4&#8243;][vc_custom_heading heading_semantic=&#8221;h5&#8243; text_font=&#8221;font-432752&#8243; text_size=&#8221;h4&#8243; text_weight=&#8221;200&#8243; el_class=&#8221;pret4&#8243;]<a href=\"https:\/\/ricamificiomigra.it\/kids\/\">Kids<\/a>[\/vc_custom_heading][\/vc_column_inner][\/vc_row_inner][\/vc_column][\/vc_row][vc_row row_height_percent=&#8221;22&#8243; override_padding=&#8221;yes&#8221; h_padding=&#8221;1&#8243; top_padding=&#8221;2&#8243; bottom_padding=&#8221;2&#8243; back_image=&#8221;83180&#8243; back_position=&#8221;center top&#8221; parallax=&#8221;yes&#8221; overlay_color=&#8221;color-948983&#8243; overlay_alpha=&#8221;72&#8243; gutter_size=&#8221;100&#8243; column_width_percent=&#8221;100&#8243; shift_y=&#8221;0&#8243; z_index=&#8221;0&#8243; style=&#8221;inherited&#8221;][vc_column column_width_percent=&#8221;100&#8243; position_vertical=&#8221;middle&#8221; align_horizontal=&#8221;align_center&#8221; gutter_size=&#8221;3&#8243; style=&#8221;dark&#8221; overlay_alpha=&#8221;100&#8243; shift_x=&#8221;0&#8243; shift_y=&#8221;0&#8243; shift_y_down=&#8221;0&#8243; z_index=&#8221;0&#8243; medium_width=&#8221;0&#8243; mobile_width=&#8221;0&#8243; zoom_width=&#8221;0&#8243; zoom_height=&#8221;0&#8243; width=&#8221;1\/1&#8243;][vc_row_inner row_inner_height_percent=&#8221;0&#8243; overlay_alpha=&#8221;50&#8243; gutter_size=&#8221;3&#8243; shift_y=&#8221;0&#8243; z_index=&#8221;0&#8243; limit_content=&#8221;&#8221; el_class=&#8221;footerPersonale&#8221;][vc_column_inner column_width_percent=&#8221;100&#8243; position_vertical=&#8221;middle&#8221; gutter_size=&#8221;3&#8243; overlay_alpha=&#8221;50&#8243; shift_x=&#8221;0&#8243; shift_y=&#8221;0&#8243; shift_y_down=&#8221;0&#8243; z_index=&#8221;0&#8243; medium_width=&#8221;0&#8243; mobile_width=&#8221;0&#8243; width=&#8221;2\/3&#8243;][vc_custom_heading text_color=&#8221;color-xsdn&#8221; heading_semantic=&#8221;h1&#8243; text_font=&#8221;font-432752&#8243; text_size=&#8221;fontsize-155944&#8243; text_weight=&#8221;100&#8243;]Daniv\u00e9.Mode for You[\/vc_custom_heading][\/vc_column_inner][vc_column_inner width=&#8221;1\/3&#8243;][vc_button button_color=&#8221;color-901744&#8243; size=&#8221;btn-xl&#8221; custom_typo=&#8221;yes&#8221; font_family=&#8221;font-416789&#8243; font_weight=&#8221;400&#8243; border_width=&#8221;0&#8243; link=&#8221;url:https%3A%2F%2Fricamificiomigra.it%2Fen%2Fcontatti%2F|title:Contatti&#8221; button_color_type=&#8221;uncode-palette&#8221; uncode_shortcode_id=&#8221;112838&#8243;]Contacts[\/vc_button][vc_button button_color=&#8221;color-901744&#8243; size=&#8221;btn-xl&#8221; custom_typo=&#8221;yes&#8221; font_family=&#8221;font-416789&#8243; font_weight=&#8221;400&#8243; border_width=&#8221;0&#8243; link=&#8221;url:https%3A%2F%2Fricamificiomigra.it%2Fen%2Fdistribuzione%2F&#8221; button_color_type=&#8221;uncode-palette&#8221; uncode_shortcode_id=&#8221;160009&#8243;]Distribution[\/vc_button][vc_button button_color=&#8221;color-901744&#8243; size=&#8221;btn-xl&#8221; custom_typo=&#8221;yes&#8221; font_family=&#8221;font-416789&#8243; font_weight=&#8221;400&#8243; border_width=&#8221;0&#8243; link=&#8221;url:https%3A%2F%2Fricamificiomigra.it%2Fen%2Fsezione-agenti%2F&#8221; button_color_type=&#8221;uncode-palette&#8221; uncode_shortcode_id=&#8221;678057&#8243;]Agents Area[\/vc_button][\/vc_column_inner][\/vc_row_inner][\/vc_column][\/vc_row]<\/p>\n<\/div>","protected":false},"excerpt":{"rendered":"<p>[vc_row unlock_row_content=&#8221;yes&#8221; row_height_percent=&#8221;0&#8243; override_padding=&#8221;yes&#8221; h_padding=&#8221;0&#8243; top_padding=&#8221;0&#8243; bottom_padding=&#8221;0&#8243; back_image=&#8221;87971&#8243; overlay_alpha=&#8221;50&#8243; gutter_size=&#8221;0&#8243; column_width_percent=&#8221;100&#8243; shift_y=&#8221;0&#8243; z_index=&#8221;0&#8243; css=&#8221;.vc_custom_1604938405956{padding-bottom: 5% !important;}&#8221;][vc_column column_width_percent=&#8221;100&#8243; gutter_size=&#8221;3&#8243; override_padding=&#8221;yes&#8221; column_padding=&#8221;0&#8243; [&hellip;]<\/p>\n","protected":false},"author":1,"featured_media":87963,"parent":0,"menu_order":0,"comment_status":"closed","ping_status":"closed","template":"","meta":{"footnotes":""},"class_list":["post-86740","page","type-page","status-publish","has-post-thumbnail","hentry"],"yoast_head":"<!-- This site is optimized with the Yoast SEO plugin v27.0 - https:\/\/yoast.com\/product\/yoast-seo-wordpress\/ -->\n<title>PR\u00caT-\u00c0-PORTER - migra<\/title>\n<meta name=\"description\" content=\"La linea Pr\u00eat-\u00e0-porter \u00e8 una collezione che segue e si adatta alle richieste del mercato, \u00e8 caratterizzata da creazioni sempre attuali.\" \/>\n<meta name=\"robots\" content=\"index, follow, max-snippet:-1, max-image-preview:large, max-video-preview:-1\" \/>\n<link rel=\"canonical\" href=\"https:\/\/ricamificiomigra.it\/pret-a-porter\/\" \/>\n<meta property=\"og:locale\" content=\"en_US\" \/>\n<meta property=\"og:type\" content=\"article\" \/>\n<meta property=\"og:title\" content=\"PR\u00caT-\u00c0-PORTER - migra\" \/>\n<meta property=\"og:description\" content=\"La linea Pr\u00eat-\u00e0-porter \u00e8 una collezione che segue e si adatta alle richieste del mercato, \u00e8 caratterizzata da creazioni sempre attuali.\" \/>\n<meta property=\"og:url\" content=\"https:\/\/ricamificiomigra.it\/pret-a-porter\/\" \/>\n<meta property=\"og:site_name\" content=\"migra\" \/>\n<meta property=\"article:modified_time\" content=\"2025-06-17T12:37:55+00:00\" \/>\n<meta property=\"og:image\" content=\"https:\/\/ricamificiomigra.it\/wp-content\/uploads\/2020\/09\/PretaPorter_3.jpg\" \/>\n\t<meta property=\"og:image:width\" content=\"1601\" \/>\n\t<meta property=\"og:image:height\" content=\"787\" \/>\n\t<meta property=\"og:image:type\" content=\"image\/jpeg\" \/>\n<meta name=\"twitter:card\" content=\"summary_large_image\" \/>\n<meta name=\"twitter:label1\" content=\"Est. reading time\" \/>\n\t<meta name=\"twitter:data1\" content=\"3 minutes\" \/>\n<script type=\"application\/ld+json\" class=\"yoast-schema-graph\">{\"@context\":\"https:\/\/schema.org\",\"@graph\":[{\"@type\":\"WebPage\",\"@id\":\"https:\/\/ricamificiomigra.it\/pret-a-porter\/\",\"url\":\"https:\/\/ricamificiomigra.it\/pret-a-porter\/\",\"name\":\"PR\u00caT-\u00c0-PORTER - migra\",\"isPartOf\":{\"@id\":\"https:\/\/ricamificiomigra.it\/#website\"},\"primaryImageOfPage\":{\"@id\":\"https:\/\/ricamificiomigra.it\/pret-a-porter\/#primaryimage\"},\"image\":{\"@id\":\"https:\/\/ricamificiomigra.it\/pret-a-porter\/#primaryimage\"},\"thumbnailUrl\":\"https:\/\/ricamificiomigra.it\/wp-content\/uploads\/2020\/09\/PretaPorter_3.jpg\",\"datePublished\":\"2020-08-10T12:58:49+00:00\",\"dateModified\":\"2025-06-17T12:37:55+00:00\",\"description\":\"La linea Pr\u00eat-\u00e0-porter \u00e8 una collezione che segue e si adatta alle richieste del mercato, \u00e8 caratterizzata da creazioni sempre attuali.\",\"breadcrumb\":{\"@id\":\"https:\/\/ricamificiomigra.it\/pret-a-porter\/#breadcrumb\"},\"inLanguage\":\"en-US\",\"potentialAction\":[{\"@type\":\"ReadAction\",\"target\":[\"https:\/\/ricamificiomigra.it\/pret-a-porter\/\"]}]},{\"@type\":\"ImageObject\",\"inLanguage\":\"en-US\",\"@id\":\"https:\/\/ricamificiomigra.it\/pret-a-porter\/#primaryimage\",\"url\":\"https:\/\/ricamificiomigra.it\/wp-content\/uploads\/2020\/09\/PretaPorter_3.jpg\",\"contentUrl\":\"https:\/\/ricamificiomigra.it\/wp-content\/uploads\/2020\/09\/PretaPorter_3.jpg\",\"width\":1601,\"height\":787,\"caption\":\"Pret-\u00e0-porter\"},{\"@type\":\"BreadcrumbList\",\"@id\":\"https:\/\/ricamificiomigra.it\/pret-a-porter\/#breadcrumb\",\"itemListElement\":[{\"@type\":\"ListItem\",\"position\":1,\"name\":\"Home\",\"item\":\"https:\/\/ricamificiomigra.it\/\"},{\"@type\":\"ListItem\",\"position\":2,\"name\":\"PR\u00caT-\u00c0-PORTER\"}]},{\"@type\":\"WebSite\",\"@id\":\"https:\/\/ricamificiomigra.it\/#website\",\"url\":\"https:\/\/ricamificiomigra.it\/\",\"name\":\"migra\",\"description\":\"Un nuovo sito targato WordPress\",\"publisher\":{\"@id\":\"https:\/\/ricamificiomigra.it\/#organization\"},\"potentialAction\":[{\"@type\":\"SearchAction\",\"target\":{\"@type\":\"EntryPoint\",\"urlTemplate\":\"https:\/\/ricamificiomigra.it\/?s={search_term_string}\"},\"query-input\":{\"@type\":\"PropertyValueSpecification\",\"valueRequired\":true,\"valueName\":\"search_term_string\"}}],\"inLanguage\":\"en-US\"},{\"@type\":\"Organization\",\"@id\":\"https:\/\/ricamificiomigra.it\/#organization\",\"name\":\"Migra\",\"url\":\"https:\/\/ricamificiomigra.it\/\",\"logo\":{\"@type\":\"ImageObject\",\"inLanguage\":\"en-US\",\"@id\":\"https:\/\/ricamificiomigra.it\/#\/schema\/logo\/image\/\",\"url\":\"https:\/\/ricamificiomigra.it\/wp-content\/uploads\/2020\/11\/cropped-MIGRA-logoM.jpg\",\"contentUrl\":\"https:\/\/ricamificiomigra.it\/wp-content\/uploads\/2020\/11\/cropped-MIGRA-logoM.jpg\",\"width\":512,\"height\":512,\"caption\":\"Migra\"},\"image\":{\"@id\":\"https:\/\/ricamificiomigra.it\/#\/schema\/logo\/image\/\"}}]}<\/script>\n<!-- \/ Yoast SEO plugin. -->","yoast_head_json":{"title":"PR\u00caT-\u00c0-PORTER - migra","description":"La linea Pr\u00eat-\u00e0-porter \u00e8 una collezione che segue e si adatta alle richieste del mercato, \u00e8 caratterizzata da creazioni sempre attuali.","robots":{"index":"index","follow":"follow","max-snippet":"max-snippet:-1","max-image-preview":"max-image-preview:large","max-video-preview":"max-video-preview:-1"},"canonical":"https:\/\/ricamificiomigra.it\/pret-a-porter\/","og_locale":"en_US","og_type":"article","og_title":"PR\u00caT-\u00c0-PORTER - migra","og_description":"La linea Pr\u00eat-\u00e0-porter \u00e8 una collezione che segue e si adatta alle richieste del mercato, \u00e8 caratterizzata da creazioni sempre attuali.","og_url":"https:\/\/ricamificiomigra.it\/pret-a-porter\/","og_site_name":"migra","article_modified_time":"2025-06-17T12:37:55+00:00","og_image":[{"width":1601,"height":787,"url":"https:\/\/ricamificiomigra.it\/wp-content\/uploads\/2020\/09\/PretaPorter_3.jpg","type":"image\/jpeg"}],"twitter_card":"summary_large_image","twitter_misc":{"Est. reading time":"3 minutes"},"schema":{"@context":"https:\/\/schema.org","@graph":[{"@type":"WebPage","@id":"https:\/\/ricamificiomigra.it\/pret-a-porter\/","url":"https:\/\/ricamificiomigra.it\/pret-a-porter\/","name":"PR\u00caT-\u00c0-PORTER - migra","isPartOf":{"@id":"https:\/\/ricamificiomigra.it\/#website"},"primaryImageOfPage":{"@id":"https:\/\/ricamificiomigra.it\/pret-a-porter\/#primaryimage"},"image":{"@id":"https:\/\/ricamificiomigra.it\/pret-a-porter\/#primaryimage"},"thumbnailUrl":"https:\/\/ricamificiomigra.it\/wp-content\/uploads\/2020\/09\/PretaPorter_3.jpg","datePublished":"2020-08-10T12:58:49+00:00","dateModified":"2025-06-17T12:37:55+00:00","description":"La linea Pr\u00eat-\u00e0-porter \u00e8 una collezione che segue e si adatta alle richieste del mercato, \u00e8 caratterizzata da creazioni sempre attuali.","breadcrumb":{"@id":"https:\/\/ricamificiomigra.it\/pret-a-porter\/#breadcrumb"},"inLanguage":"en-US","potentialAction":[{"@type":"ReadAction","target":["https:\/\/ricamificiomigra.it\/pret-a-porter\/"]}]},{"@type":"ImageObject","inLanguage":"en-US","@id":"https:\/\/ricamificiomigra.it\/pret-a-porter\/#primaryimage","url":"https:\/\/ricamificiomigra.it\/wp-content\/uploads\/2020\/09\/PretaPorter_3.jpg","contentUrl":"https:\/\/ricamificiomigra.it\/wp-content\/uploads\/2020\/09\/PretaPorter_3.jpg","width":1601,"height":787,"caption":"Pret-\u00e0-porter"},{"@type":"BreadcrumbList","@id":"https:\/\/ricamificiomigra.it\/pret-a-porter\/#breadcrumb","itemListElement":[{"@type":"ListItem","position":1,"name":"Home","item":"https:\/\/ricamificiomigra.it\/"},{"@type":"ListItem","position":2,"name":"PR\u00caT-\u00c0-PORTER"}]},{"@type":"WebSite","@id":"https:\/\/ricamificiomigra.it\/#website","url":"https:\/\/ricamificiomigra.it\/","name":"migra","description":"Un nuovo sito targato WordPress","publisher":{"@id":"https:\/\/ricamificiomigra.it\/#organization"},"potentialAction":[{"@type":"SearchAction","target":{"@type":"EntryPoint","urlTemplate":"https:\/\/ricamificiomigra.it\/?s={search_term_string}"},"query-input":{"@type":"PropertyValueSpecification","valueRequired":true,"valueName":"search_term_string"}}],"inLanguage":"en-US"},{"@type":"Organization","@id":"https:\/\/ricamificiomigra.it\/#organization","name":"Migra","url":"https:\/\/ricamificiomigra.it\/","logo":{"@type":"ImageObject","inLanguage":"en-US","@id":"https:\/\/ricamificiomigra.it\/#\/schema\/logo\/image\/","url":"https:\/\/ricamificiomigra.it\/wp-content\/uploads\/2020\/11\/cropped-MIGRA-logoM.jpg","contentUrl":"https:\/\/ricamificiomigra.it\/wp-content\/uploads\/2020\/11\/cropped-MIGRA-logoM.jpg","width":512,"height":512,"caption":"Migra"},"image":{"@id":"https:\/\/ricamificiomigra.it\/#\/schema\/logo\/image\/"}}]}},"_links":{"self":[{"href":"https:\/\/ricamificiomigra.it\/en\/wp-json\/wp\/v2\/pages\/86740","targetHints":{"allow":["GET"]}}],"collection":[{"href":"https:\/\/ricamificiomigra.it\/en\/wp-json\/wp\/v2\/pages"}],"about":[{"href":"https:\/\/ricamificiomigra.it\/en\/wp-json\/wp\/v2\/types\/page"}],"author":[{"embeddable":true,"href":"https:\/\/ricamificiomigra.it\/en\/wp-json\/wp\/v2\/users\/1"}],"replies":[{"embeddable":true,"href":"https:\/\/ricamificiomigra.it\/en\/wp-json\/wp\/v2\/comments?post=86740"}],"version-history":[{"count":209,"href":"https:\/\/ricamificiomigra.it\/en\/wp-json\/wp\/v2\/pages\/86740\/revisions"}],"predecessor-version":[{"id":112457,"href":"https:\/\/ricamificiomigra.it\/en\/wp-json\/wp\/v2\/pages\/86740\/revisions\/112457"}],"wp:featuredmedia":[{"embeddable":true,"href":"https:\/\/ricamificiomigra.it\/en\/wp-json\/wp\/v2\/media\/87963"}],"wp:attachment":[{"href":"https:\/\/ricamificiomigra.it\/en\/wp-json\/wp\/v2\/media?parent=86740"}],"curies":[{"name":"wp","href":"https:\/\/api.w.org\/{rel}","templated":true}]}}