{"id":83276,"date":"2020-02-13T11:42:32","date_gmt":"2020-02-13T10:42:32","guid":{"rendered":"https:\/\/ricamificiomigra.it\/?page_id=83276"},"modified":"2025-03-19T18:48:28","modified_gmt":"2025-03-19T17:48:28","slug":"macrame","status":"publish","type":"page","link":"https:\/\/ricamificiomigra.it\/fr\/macrame\/","title":{"rendered":"MACRAM\u00c8"},"content":{"rendered":"<div class=\"wpb-content-wrapper\"><p>[vc_row unlock_row_content=\u00a0\u00bbyes\u00a0\u00bb row_height_percent=\u00a0\u00bb0&Prime; override_padding=\u00a0\u00bbyes\u00a0\u00bb h_padding=\u00a0\u00bb0&Prime; top_padding=\u00a0\u00bb0&Prime; bottom_padding=\u00a0\u00bb0&Prime; back_image=\u00a0\u00bb88146&Prime; overlay_alpha=\u00a0\u00bb50&Prime; gutter_size=\u00a0\u00bb0&Prime; column_width_percent=\u00a0\u00bb100&Prime; shift_y=\u00a0\u00bb0&Prime; z_index=\u00a0\u00bb0&Prime; css=\u00a0\u00bb.vc_custom_1604938623377{padding-bottom: 5% !important;}\u00a0\u00bb][vc_column column_width_percent=\u00a0\u00bb100&Prime; gutter_size=\u00a0\u00bb3&Prime; override_padding=\u00a0\u00bbyes\u00a0\u00bb column_padding=\u00a0\u00bb0&Prime; overlay_alpha=\u00a0\u00bb50&Prime; shift_x=\u00a0\u00bb0&Prime; shift_y=\u00a0\u00bb0&Prime; shift_y_down=\u00a0\u00bb0&Prime; z_index=\u00a0\u00bb0&Prime; medium_width=\u00a0\u00bb0&Prime; mobile_width=\u00a0\u00bb0&Prime; width=\u00a0\u00bb1\/2&Prime;][vc_empty_space][vc_row_inner row_inner_height_percent=\u00a0\u00bb0&Prime; overlay_alpha=\u00a0\u00bb50&Prime; gutter_size=\u00a0\u00bb3&Prime; shift_y=\u00a0\u00bb0&Prime; z_index=\u00a0\u00bb0&Prime; css=\u00a0\u00bb.vc_custom_1602579479700{padding-left: 40px !important;}\u00a0\u00bb el_class=\u00a0\u00bbriquadroProdotti\u00a0\u00bb][vc_column_inner width=\u00a0\u00bb1\/1&Prime;][vc_custom_heading text_size=\u00a0\u00bb\u00a0\u00bb text_weight=\u00a0\u00bb400&Prime; css_animation=\u00a0\u00bbleft-t-right\u00a0\u00bb animation_speed=\u00a0\u00bb800&Prime; animation_delay=\u00a0\u00bb200&Prime; el_class=\u00a0\u00bbriquadroSottopagine\u00a0\u00bb]Macram\u00e8[\/vc_custom_heading][\/vc_column_inner][\/vc_row_inner][vc_column_text css_animation=\u00a0\u00bbbottom-t-top\u00a0\u00bb animation_speed=\u00a0\u00bb800&Prime; animation_delay=\u00a0\u00bb300&Prime; css=\u00a0\u00bb.vc_custom_1605699435411{padding-right: 120px !important;padding-left: 120px !important;}\u00a0\u00bb el_class=\u00a0\u00bbtestoProdotti\u00a0\u00bb]Le macram\u00e9 est une technique de broderie qui a des origines antiques et il fait son retour dans nos collections, revisit\u00e9 et modernis\u00e9. <strong>Notre exp\u00e9rience et notre perp\u00e9tuelle recherche de mati\u00e8res nouvelles et innovantes, donnent vie \u00e0 des macram\u00e9s tr\u00e8s vari\u00e9s, des plus classiques aux plus innovants et insolites. <\/strong>Les macram\u00e9s de la ligne Daniv\u00e9.Mode sont caract\u00e9ris\u00e9s par un irr\u00e9sistible et intemporel charme romantique, et lorsqu\u2019ils sont combin\u00e9s \u00e0 des tissus, ils donnent vie \u00e0 des cr\u00e9ations subtiles et pr\u00e9cieuses.[\/vc_column_text][vc_empty_space empty_h=\u00a0\u00bb3&Prime;][\/vc_column][vc_column column_width_percent=\u00a0\u00bb100&Prime; gutter_size=\u00a0\u00bb3&Prime; override_padding=\u00a0\u00bbyes\u00a0\u00bb column_padding=\u00a0\u00bb0&Prime; overlay_alpha=\u00a0\u00bb50&Prime; shift_x=\u00a0\u00bb0&Prime; shift_y=\u00a0\u00bb0&Prime; shift_y_down=\u00a0\u00bb0&Prime; z_index=\u00a0\u00bb0&Prime; medium_width=\u00a0\u00bb0&Prime; mobile_width=\u00a0\u00bb0&Prime; width=\u00a0\u00bb1\/2&Prime;][vc_gallery el_id=\u00a0\u00bbgallery-984602&Prime; type=\u00a0\u00bbnone\u00a0\u00bb medias=\u00a0\u00bb112021,112020,88145&Prime; gutter_size=\u00a0\u00bb0&Prime; media_items=\u00a0\u00bbmedia|nolink|original\u00a0\u00bb single_overlay_opacity=\u00a0\u00bb50&Prime; single_padding=\u00a0\u00bb2&Prime; single_text_reduced=\u00a0\u00bbyes\u00a0\u00bb lbox_dir=\u00a0\u00bbvertical\u00a0\u00bb][vc_row_inner row_inner_height_percent=\u00a0\u00bb0&Prime; overlay_alpha=\u00a0\u00bb50&Prime; gutter_size=\u00a0\u00bb3&Prime; shift_y=\u00a0\u00bb0&Prime; z_index=\u00a0\u00bb0&Prime; desktop_visibility=\u00a0\u00bbyes\u00a0\u00bb][vc_column_inner width=\u00a0\u00bb1\/1&Prime;][vc_column_text css=\u00a0\u00bb.vc_custom_1604316707582{padding-left: 5% !important;}\u00a0\u00bb]Voir \u00e9galement:[\/vc_column_text][\/vc_column_inner][\/vc_row_inner][vc_row_inner row_inner_height_percent=\u00a0\u00bb0&Prime; overlay_alpha=\u00a0\u00bb50&Prime; gutter_size=\u00a0\u00bb3&Prime; shift_y=\u00a0\u00bb0&Prime; z_index=\u00a0\u00bb0&Prime; medium_visibility=\u00a0\u00bbyes\u00a0\u00bb mobile_visibility=\u00a0\u00bbyes\u00a0\u00bb el_class=\u00a0\u00bbscopriAnche2&Prime;][vc_column_inner width=\u00a0\u00bb1\/1&Prime;][vc_column_text css=\u00a0\u00bb.vc_custom_1604316707582{padding-left: 5% !important;}\u00a0\u00bb]Voir \u00e9galement:[\/vc_column_text][\/vc_column_inner][\/vc_row_inner][vc_row_inner row_inner_height_percent=\u00a0\u00bb0&Prime; force_width_grid=\u00a0\u00bbyes\u00a0\u00bb overlay_color=\u00a0\u00bbcolor-135740&Prime; overlay_alpha=\u00a0\u00bb60&Prime; gutter_size=\u00a0\u00bb3&Prime; shift_y=\u00a0\u00bb0&Prime; z_index=\u00a0\u00bb0&Prime; medium_visibility=\u00a0\u00bbyes\u00a0\u00bb mobile_visibility=\u00a0\u00bbyes\u00a0\u00bb css=\u00a0\u00bb.vc_custom_1605193822296{padding-top: 5% !important;padding-right: 5% !important;padding-bottom: 5% !important;padding-left: 5% !important;}\u00a0\u00bb el_class=\u00a0\u00bbscopriLink2&Prime;][vc_column_inner column_width_percent=\u00a0\u00bb100&Prime; gutter_size=\u00a0\u00bb3&Prime; overlay_alpha=\u00a0\u00bb50&Prime; shift_x=\u00a0\u00bb0&Prime; shift_y=\u00a0\u00bb0&Prime; shift_y_down=\u00a0\u00bb0&Prime; z_index=\u00a0\u00bb0&Prime; medium_width=\u00a0\u00bb0&Prime; mobile_width=\u00a0\u00bb0&Prime; width=\u00a0\u00bb1\/4&Prime;][vc_custom_heading heading_semantic=\u00a0\u00bbh5&Prime; text_font=\u00a0\u00bbfont-432752&Prime; text_size=\u00a0\u00bbh4&Prime; text_weight=\u00a0\u00bb200&Prime; el_class=\u00a0\u00bbpret3&Prime;]<a href=\"https:\/\/ricamificiomigra.it\/ricamo\/\">Broderie<\/a>[\/vc_custom_heading][vc_custom_heading heading_semantic=\u00a0\u00bbh5&Prime; text_font=\u00a0\u00bbfont-432752&Prime; text_size=\u00a0\u00bbh4&Prime; text_weight=\u00a0\u00bb200&Prime; el_class=\u00a0\u00bbpret4&Prime;]<a href=\"https:\/\/ricamificiomigra.it\/cornelly-e-soutache\/\">Cornelly et Soutache<\/a>[\/vc_custom_heading][\/vc_column_inner][vc_column_inner column_width_percent=\u00a0\u00bb100&Prime; gutter_size=\u00a0\u00bb3&Prime; overlay_alpha=\u00a0\u00bb50&Prime; shift_x=\u00a0\u00bb0&Prime; shift_y=\u00a0\u00bb0&Prime; shift_y_down=\u00a0\u00bb0&Prime; z_index=\u00a0\u00bb0&Prime; medium_width=\u00a0\u00bb0&Prime; mobile_width=\u00a0\u00bb0&Prime; width=\u00a0\u00bb1\/4&Prime;][vc_custom_heading heading_semantic=\u00a0\u00bbh5&Prime; text_font=\u00a0\u00bbfont-432752&Prime; text_size=\u00a0\u00bbh4&Prime; text_weight=\u00a0\u00bb200&Prime; el_class=\u00a0\u00bbpret4&Prime;]<a href=\"https:\/\/ricamificiomigra.it\/tulle\/\">Tulle<\/a>[\/vc_custom_heading][vc_custom_heading heading_semantic=\u00a0\u00bbh5&Prime; text_font=\u00a0\u00bbfont-432752&Prime; text_size=\u00a0\u00bbh4&Prime; text_weight=\u00a0\u00bb200&Prime; el_class=\u00a0\u00bbpret1&Prime;]<a href=\"https:\/\/ricamificiomigra.it\/laser\/\">Laser<\/a>[\/vc_custom_heading][\/vc_column_inner][vc_column_inner column_width_percent=\u00a0\u00bb100&Prime; gutter_size=\u00a0\u00bb3&Prime; overlay_alpha=\u00a0\u00bb50&Prime; shift_x=\u00a0\u00bb0&Prime; shift_y=\u00a0\u00bb0&Prime; shift_y_down=\u00a0\u00bb0&Prime; z_index=\u00a0\u00bb0&Prime; medium_width=\u00a0\u00bb0&Prime; mobile_width=\u00a0\u00bb0&Prime; width=\u00a0\u00bb1\/4&Prime;][vc_custom_heading heading_semantic=\u00a0\u00bbh5&Prime; text_font=\u00a0\u00bbfont-432752&Prime; text_size=\u00a0\u00bbh4&Prime; text_weight=\u00a0\u00bb200&Prime; el_class=\u00a0\u00bbpret1&Prime;]<a href=\"https:\/\/ricamificiomigra.it\/organza\/\">Organza<\/a>[\/vc_custom_heading][vc_custom_heading heading_semantic=\u00a0\u00bbh5&Prime; text_font=\u00a0\u00bbfont-432752&Prime; text_size=\u00a0\u00bbh4&Prime; text_weight=\u00a0\u00bb200&Prime; el_class=\u00a0\u00bbpret2&Prime;]<a href=\"https:\/\/ricamificiomigra.it\/bordi\/\">Bandes<\/a>[\/vc_custom_heading][\/vc_column_inner][vc_column_inner column_width_percent=\u00a0\u00bb100&Prime; gutter_size=\u00a0\u00bb3&Prime; overlay_alpha=\u00a0\u00bb50&Prime; shift_x=\u00a0\u00bb0&Prime; shift_y=\u00a0\u00bb0&Prime; shift_y_down=\u00a0\u00bb0&Prime; z_index=\u00a0\u00bb0&Prime; medium_width=\u00a0\u00bb0&Prime; mobile_width=\u00a0\u00bb0&Prime; width=\u00a0\u00bb1\/4&Prime;][vc_custom_heading heading_semantic=\u00a0\u00bbh5&Prime; text_font=\u00a0\u00bbfont-432752&Prime; text_size=\u00a0\u00bbh4&Prime; text_weight=\u00a0\u00bb200&Prime; el_class=\u00a0\u00bbpret2&Prime;]<a href=\"https:\/\/ricamificiomigra.it\/paillettes\/\">Paillettes<\/a>[\/vc_custom_heading][vc_custom_heading heading_semantic=\u00a0\u00bbh5&Prime; text_font=\u00a0\u00bbfont-432752&Prime; text_size=\u00a0\u00bbh4&Prime; text_weight=\u00a0\u00bb200&Prime; el_class=\u00a0\u00bbpret3&Prime;]\u00a0[\/vc_custom_heading][\/vc_column_inner][\/vc_row_inner][\/vc_column][\/vc_row][vc_row unlock_row_content=\u00a0\u00bbyes\u00a0\u00bb row_height_percent=\u00a0\u00bb0&Prime; override_padding=\u00a0\u00bbyes\u00a0\u00bb h_padding=\u00a0\u00bb0&Prime; top_padding=\u00a0\u00bb0&Prime; bottom_padding=\u00a0\u00bb0&Prime; overlay_alpha=\u00a0\u00bb50&Prime; gutter_size=\u00a0\u00bb3&Prime; column_width_percent=\u00a0\u00bb100&Prime; shift_y=\u00a0\u00bb0&Prime; z_index=\u00a0\u00bb0&Prime; desktop_visibility=\u00a0\u00bbyes\u00a0\u00bb][vc_column width=\u00a0\u00bb1\/1&Prime;][vc_row_inner row_inner_height_percent=\u00a0\u00bb0&Prime; force_width_grid=\u00a0\u00bbyes\u00a0\u00bb overlay_color=\u00a0\u00bbcolor-135740&Prime; overlay_alpha=\u00a0\u00bb60&Prime; gutter_size=\u00a0\u00bb3&Prime; shift_y=\u00a0\u00bb0&Prime; z_index=\u00a0\u00bb0&Prime; desktop_visibility=\u00a0\u00bbyes\u00a0\u00bb css=\u00a0\u00bb.vc_custom_1605006360643{padding-top: 5% !important;padding-right: 5% !important;padding-bottom: 5% !important;padding-left: 5% !important;}\u00a0\u00bb][vc_column_inner column_width_percent=\u00a0\u00bb100&Prime; gutter_size=\u00a0\u00bb3&Prime; overlay_alpha=\u00a0\u00bb50&Prime; shift_x=\u00a0\u00bb0&Prime; shift_y=\u00a0\u00bb0&Prime; shift_y_down=\u00a0\u00bb0&Prime; z_index=\u00a0\u00bb0&Prime; medium_width=\u00a0\u00bb0&Prime; mobile_width=\u00a0\u00bb0&Prime; width=\u00a0\u00bb1\/4&Prime;][vc_custom_heading heading_semantic=\u00a0\u00bbh5&Prime; text_font=\u00a0\u00bbfont-432752&Prime; text_size=\u00a0\u00bbh4&Prime; text_weight=\u00a0\u00bb200&Prime; el_class=\u00a0\u00bbpret3&Prime;]<a href=\"https:\/\/ricamificiomigra.it\/ricamo\/\">Broderie<\/a>[\/vc_custom_heading][vc_custom_heading heading_semantic=\u00a0\u00bbh5&Prime; text_font=\u00a0\u00bbfont-432752&Prime; text_size=\u00a0\u00bbh4&Prime; text_weight=\u00a0\u00bb200&Prime; el_class=\u00a0\u00bbpret4&Prime;]<a href=\"https:\/\/ricamificiomigra.it\/cornelly-e-soutache\/\">Cornelly et Soutache<\/a>[\/vc_custom_heading][\/vc_column_inner][vc_column_inner column_width_percent=\u00a0\u00bb100&Prime; gutter_size=\u00a0\u00bb3&Prime; overlay_alpha=\u00a0\u00bb50&Prime; shift_x=\u00a0\u00bb0&Prime; shift_y=\u00a0\u00bb0&Prime; shift_y_down=\u00a0\u00bb0&Prime; z_index=\u00a0\u00bb0&Prime; medium_width=\u00a0\u00bb0&Prime; mobile_width=\u00a0\u00bb0&Prime; width=\u00a0\u00bb1\/4&Prime;][vc_custom_heading heading_semantic=\u00a0\u00bbh5&Prime; text_font=\u00a0\u00bbfont-432752&Prime; text_size=\u00a0\u00bbh4&Prime; text_weight=\u00a0\u00bb200&Prime; el_class=\u00a0\u00bbpret4&Prime;]<a href=\"https:\/\/ricamificiomigra.it\/tulle\/\">Tulle<\/a>[\/vc_custom_heading][vc_custom_heading heading_semantic=\u00a0\u00bbh5&Prime; text_font=\u00a0\u00bbfont-432752&Prime; text_size=\u00a0\u00bbh4&Prime; text_weight=\u00a0\u00bb200&Prime; el_class=\u00a0\u00bbpret1&Prime;]<a href=\"https:\/\/ricamificiomigra.it\/laser\/\">Laser<\/a>[\/vc_custom_heading][\/vc_column_inner][vc_column_inner column_width_percent=\u00a0\u00bb100&Prime; gutter_size=\u00a0\u00bb3&Prime; overlay_alpha=\u00a0\u00bb50&Prime; shift_x=\u00a0\u00bb0&Prime; shift_y=\u00a0\u00bb0&Prime; shift_y_down=\u00a0\u00bb0&Prime; z_index=\u00a0\u00bb0&Prime; medium_width=\u00a0\u00bb0&Prime; mobile_width=\u00a0\u00bb0&Prime; width=\u00a0\u00bb1\/4&Prime;][vc_custom_heading heading_semantic=\u00a0\u00bbh5&Prime; text_font=\u00a0\u00bbfont-432752&Prime; text_size=\u00a0\u00bbh4&Prime; text_weight=\u00a0\u00bb200&Prime; el_class=\u00a0\u00bbpret1&Prime;]<a href=\"https:\/\/ricamificiomigra.it\/organza\/\">Organza<\/a>[\/vc_custom_heading][vc_custom_heading heading_semantic=\u00a0\u00bbh5&Prime; text_font=\u00a0\u00bbfont-432752&Prime; text_size=\u00a0\u00bbh4&Prime; text_weight=\u00a0\u00bb200&Prime; el_class=\u00a0\u00bbpret2&Prime;]<a href=\"https:\/\/ricamificiomigra.it\/bordi\/\">Bandes<\/a>[\/vc_custom_heading][\/vc_column_inner][vc_column_inner column_width_percent=\u00a0\u00bb100&Prime; gutter_size=\u00a0\u00bb3&Prime; overlay_alpha=\u00a0\u00bb50&Prime; shift_x=\u00a0\u00bb0&Prime; shift_y=\u00a0\u00bb0&Prime; shift_y_down=\u00a0\u00bb0&Prime; z_index=\u00a0\u00bb0&Prime; medium_width=\u00a0\u00bb0&Prime; mobile_width=\u00a0\u00bb0&Prime; width=\u00a0\u00bb1\/4&Prime;][vc_custom_heading heading_semantic=\u00a0\u00bbh5&Prime; text_font=\u00a0\u00bbfont-432752&Prime; text_size=\u00a0\u00bbh4&Prime; text_weight=\u00a0\u00bb200&Prime; el_class=\u00a0\u00bbpret2&Prime;]<a href=\"https:\/\/ricamificiomigra.it\/paillettes\/\">Paillettes<\/a>[\/vc_custom_heading][vc_custom_heading heading_semantic=\u00a0\u00bbh5&Prime; text_font=\u00a0\u00bbfont-432752&Prime; text_size=\u00a0\u00bbh4&Prime; text_weight=\u00a0\u00bb200&Prime; el_class=\u00a0\u00bbpret3&Prime;]\u00a0[\/vc_custom_heading][\/vc_column_inner][\/vc_row_inner][\/vc_column][\/vc_row][vc_row row_height_percent=\u00a0\u00bb22&Prime; override_padding=\u00a0\u00bbyes\u00a0\u00bb h_padding=\u00a0\u00bb1&Prime; top_padding=\u00a0\u00bb2&Prime; bottom_padding=\u00a0\u00bb2&Prime; back_image=\u00a0\u00bb83180&Prime; back_position=\u00a0\u00bbcenter top\u00a0\u00bb parallax=\u00a0\u00bbyes\u00a0\u00bb overlay_color=\u00a0\u00bbcolor-948983&Prime; overlay_alpha=\u00a0\u00bb72&Prime; gutter_size=\u00a0\u00bb100&Prime; column_width_percent=\u00a0\u00bb100&Prime; shift_y=\u00a0\u00bb0&Prime; z_index=\u00a0\u00bb0&Prime; style=\u00a0\u00bbinherited\u00a0\u00bb][vc_column column_width_percent=\u00a0\u00bb100&Prime; position_vertical=\u00a0\u00bbmiddle\u00a0\u00bb align_horizontal=\u00a0\u00bbalign_center\u00a0\u00bb gutter_size=\u00a0\u00bb3&Prime; style=\u00a0\u00bbdark\u00a0\u00bb overlay_alpha=\u00a0\u00bb100&Prime; shift_x=\u00a0\u00bb0&Prime; shift_y=\u00a0\u00bb0&Prime; shift_y_down=\u00a0\u00bb0&Prime; z_index=\u00a0\u00bb0&Prime; medium_width=\u00a0\u00bb0&Prime; mobile_width=\u00a0\u00bb0&Prime; zoom_width=\u00a0\u00bb0&Prime; zoom_height=\u00a0\u00bb0&Prime; width=\u00a0\u00bb1\/1&Prime;][vc_row_inner row_inner_height_percent=\u00a0\u00bb0&Prime; overlay_alpha=\u00a0\u00bb50&Prime; gutter_size=\u00a0\u00bb3&Prime; shift_y=\u00a0\u00bb0&Prime; z_index=\u00a0\u00bb0&Prime; limit_content=\u00a0\u00bb\u00a0\u00bb el_class=\u00a0\u00bbfooterPersonale\u00a0\u00bb][vc_column_inner column_width_percent=\u00a0\u00bb100&Prime; position_vertical=\u00a0\u00bbmiddle\u00a0\u00bb gutter_size=\u00a0\u00bb3&Prime; overlay_alpha=\u00a0\u00bb50&Prime; shift_x=\u00a0\u00bb0&Prime; shift_y=\u00a0\u00bb0&Prime; shift_y_down=\u00a0\u00bb0&Prime; z_index=\u00a0\u00bb0&Prime; medium_width=\u00a0\u00bb0&Prime; mobile_width=\u00a0\u00bb0&Prime; width=\u00a0\u00bb2\/3&Prime;][vc_custom_heading heading_semantic=\u00a0\u00bbh1&Prime; text_font=\u00a0\u00bbfont-432752&Prime; text_size=\u00a0\u00bbfontsize-155944&Prime; text_weight=\u00a0\u00bb100&Prime; text_color=\u00a0\u00bbcolor-xsdn\u00a0\u00bb]Daniv\u00e9.Mode for You[\/vc_custom_heading][\/vc_column_inner][vc_column_inner width=\u00a0\u00bb1\/3&Prime;][vc_button button_color=\u00a0\u00bbcolor-901744&Prime; size=\u00a0\u00bbbtn-xl\u00a0\u00bb custom_typo=\u00a0\u00bbyes\u00a0\u00bb font_family=\u00a0\u00bbfont-416789&Prime; font_weight=\u00a0\u00bb400&Prime; border_width=\u00a0\u00bb0&Prime; link=\u00a0\u00bburl:https%3A%2F%2Fricamificiomigra.it%2Fcontatti%2F|title:Contatti||\u00a0\u00bb]Contacts[\/vc_button][vc_button button_color=\u00a0\u00bbcolor-901744&Prime; size=\u00a0\u00bbbtn-xl\u00a0\u00bb custom_typo=\u00a0\u00bbyes\u00a0\u00bb font_family=\u00a0\u00bbfont-416789&Prime; font_weight=\u00a0\u00bb400&Prime; border_width=\u00a0\u00bb0&Prime; link=\u00a0\u00bburl:https%3A%2F%2Fricamificiomigra.it%2Fdistribuzione%2F|title:%5B%3Ait%5DDistribuzione%5B%3A%5D||\u00a0\u00bb]Distribution[\/vc_button][vc_button button_color=\u00a0\u00bbcolor-901744&Prime; size=\u00a0\u00bbbtn-xl\u00a0\u00bb custom_typo=\u00a0\u00bbyes\u00a0\u00bb font_family=\u00a0\u00bbfont-416789&Prime; font_weight=\u00a0\u00bb400&Prime; border_width=\u00a0\u00bb0&Prime; link=\u00a0\u00bburl:https%3A%2F%2Fricamificiomigra.it%2Fsezione-agenti%2F\u00a0\u00bb]Section des agents[\/vc_button][\/vc_column_inner][\/vc_row_inner][\/vc_column][\/vc_row]<\/p>\n<\/div>","protected":false},"excerpt":{"rendered":"<p>[vc_row unlock_row_content=\u00a0\u00bbyes\u00a0\u00bb row_height_percent=\u00a0\u00bb0&Prime; override_padding=\u00a0\u00bbyes\u00a0\u00bb h_padding=\u00a0\u00bb0&Prime; top_padding=\u00a0\u00bb0&Prime; bottom_padding=\u00a0\u00bb0&Prime; back_image=\u00a0\u00bb88146&Prime; overlay_alpha=\u00a0\u00bb50&Prime; gutter_size=\u00a0\u00bb0&Prime; column_width_percent=\u00a0\u00bb100&Prime; shift_y=\u00a0\u00bb0&Prime; z_index=\u00a0\u00bb0&Prime; css=\u00a0\u00bb.vc_custom_1604938623377{padding-bottom: 5% !important;}\u00a0\u00bb][vc_column column_width_percent=\u00a0\u00bb100&Prime; gutter_size=\u00a0\u00bb3&Prime; override_padding=\u00a0\u00bbyes\u00a0\u00bb column_padding=\u00a0\u00bb0&Prime; [&hellip;]<\/p>\n","protected":false},"author":1,"featured_media":88143,"parent":0,"menu_order":0,"comment_status":"closed","ping_status":"closed","template":"","meta":{"footnotes":""},"class_list":["post-83276","page","type-page","status-publish","has-post-thumbnail","hentry"],"yoast_head":"<!-- This site is optimized with the Yoast SEO plugin v27.0 - https:\/\/yoast.com\/product\/yoast-seo-wordpress\/ -->\n<title>Macram\u00e8 - Mi.Gra s.r.l<\/title>\n<meta name=\"description\" content=\"Nelle nostre collezioni rivisitiamo e modernizziamo la tecnica del macram\u00e8 per rimanere sempre aggiornati e creare capi innovativi.\" \/>\n<meta name=\"robots\" content=\"index, follow, max-snippet:-1, max-image-preview:large, max-video-preview:-1\" \/>\n<link rel=\"canonical\" href=\"https:\/\/ricamificiomigra.it\/macrame\/\" \/>\n<meta property=\"og:locale\" content=\"fr_FR\" \/>\n<meta property=\"og:type\" content=\"article\" \/>\n<meta property=\"og:title\" content=\"Macram\u00e8 - Mi.Gra s.r.l\" \/>\n<meta property=\"og:description\" content=\"Nelle nostre collezioni rivisitiamo e modernizziamo la tecnica del macram\u00e8 per rimanere sempre aggiornati e creare capi innovativi.\" \/>\n<meta property=\"og:url\" content=\"https:\/\/ricamificiomigra.it\/macrame\/\" \/>\n<meta property=\"og:site_name\" content=\"migra\" \/>\n<meta property=\"article:modified_time\" content=\"2025-03-19T17:48:28+00:00\" \/>\n<meta property=\"og:image\" content=\"https:\/\/ricamificiomigra.it\/wp-content\/uploads\/2020\/09\/Macrame_1.jpg\" \/>\n\t<meta property=\"og:image:width\" content=\"1601\" \/>\n\t<meta property=\"og:image:height\" content=\"787\" \/>\n\t<meta property=\"og:image:type\" content=\"image\/jpeg\" \/>\n<meta name=\"twitter:card\" content=\"summary_large_image\" \/>\n<meta name=\"twitter:label1\" content=\"Dur\u00e9e de lecture estim\u00e9e\" \/>\n\t<meta name=\"twitter:data1\" content=\"3 minutes\" \/>\n<script type=\"application\/ld+json\" class=\"yoast-schema-graph\">{\"@context\":\"https:\/\/schema.org\",\"@graph\":[{\"@type\":\"WebPage\",\"@id\":\"https:\/\/ricamificiomigra.it\/macrame\/\",\"url\":\"https:\/\/ricamificiomigra.it\/macrame\/\",\"name\":\"Macram\u00e8 - Mi.Gra s.r.l\",\"isPartOf\":{\"@id\":\"https:\/\/ricamificiomigra.it\/#website\"},\"primaryImageOfPage\":{\"@id\":\"https:\/\/ricamificiomigra.it\/macrame\/#primaryimage\"},\"image\":{\"@id\":\"https:\/\/ricamificiomigra.it\/macrame\/#primaryimage\"},\"thumbnailUrl\":\"https:\/\/ricamificiomigra.it\/wp-content\/uploads\/2020\/09\/Macrame_1.jpg\",\"datePublished\":\"2020-02-13T10:42:32+00:00\",\"dateModified\":\"2025-03-19T17:48:28+00:00\",\"description\":\"Nelle nostre collezioni rivisitiamo e modernizziamo la tecnica del macram\u00e8 per rimanere sempre aggiornati e creare capi innovativi.\",\"breadcrumb\":{\"@id\":\"https:\/\/ricamificiomigra.it\/macrame\/#breadcrumb\"},\"inLanguage\":\"fr-FR\",\"potentialAction\":[{\"@type\":\"ReadAction\",\"target\":[\"https:\/\/ricamificiomigra.it\/macrame\/\"]}]},{\"@type\":\"ImageObject\",\"inLanguage\":\"fr-FR\",\"@id\":\"https:\/\/ricamificiomigra.it\/macrame\/#primaryimage\",\"url\":\"https:\/\/ricamificiomigra.it\/wp-content\/uploads\/2020\/09\/Macrame_1.jpg\",\"contentUrl\":\"https:\/\/ricamificiomigra.it\/wp-content\/uploads\/2020\/09\/Macrame_1.jpg\",\"width\":1601,\"height\":787,\"caption\":\"Macrame\"},{\"@type\":\"BreadcrumbList\",\"@id\":\"https:\/\/ricamificiomigra.it\/macrame\/#breadcrumb\",\"itemListElement\":[{\"@type\":\"ListItem\",\"position\":1,\"name\":\"Home\",\"item\":\"https:\/\/ricamificiomigra.it\/\"},{\"@type\":\"ListItem\",\"position\":2,\"name\":\"MACRAM\u00c8\"}]},{\"@type\":\"WebSite\",\"@id\":\"https:\/\/ricamificiomigra.it\/#website\",\"url\":\"https:\/\/ricamificiomigra.it\/\",\"name\":\"migra\",\"description\":\"Un nuovo sito targato WordPress\",\"publisher\":{\"@id\":\"https:\/\/ricamificiomigra.it\/#organization\"},\"potentialAction\":[{\"@type\":\"SearchAction\",\"target\":{\"@type\":\"EntryPoint\",\"urlTemplate\":\"https:\/\/ricamificiomigra.it\/?s={search_term_string}\"},\"query-input\":{\"@type\":\"PropertyValueSpecification\",\"valueRequired\":true,\"valueName\":\"search_term_string\"}}],\"inLanguage\":\"fr-FR\"},{\"@type\":\"Organization\",\"@id\":\"https:\/\/ricamificiomigra.it\/#organization\",\"name\":\"Migra\",\"url\":\"https:\/\/ricamificiomigra.it\/\",\"logo\":{\"@type\":\"ImageObject\",\"inLanguage\":\"fr-FR\",\"@id\":\"https:\/\/ricamificiomigra.it\/#\/schema\/logo\/image\/\",\"url\":\"https:\/\/ricamificiomigra.it\/wp-content\/uploads\/2020\/11\/cropped-MIGRA-logoM.jpg\",\"contentUrl\":\"https:\/\/ricamificiomigra.it\/wp-content\/uploads\/2020\/11\/cropped-MIGRA-logoM.jpg\",\"width\":512,\"height\":512,\"caption\":\"Migra\"},\"image\":{\"@id\":\"https:\/\/ricamificiomigra.it\/#\/schema\/logo\/image\/\"}}]}<\/script>\n<!-- \/ Yoast SEO plugin. -->","yoast_head_json":{"title":"Macram\u00e8 - Mi.Gra s.r.l","description":"Nelle nostre collezioni rivisitiamo e modernizziamo la tecnica del macram\u00e8 per rimanere sempre aggiornati e creare capi innovativi.","robots":{"index":"index","follow":"follow","max-snippet":"max-snippet:-1","max-image-preview":"max-image-preview:large","max-video-preview":"max-video-preview:-1"},"canonical":"https:\/\/ricamificiomigra.it\/macrame\/","og_locale":"fr_FR","og_type":"article","og_title":"Macram\u00e8 - Mi.Gra s.r.l","og_description":"Nelle nostre collezioni rivisitiamo e modernizziamo la tecnica del macram\u00e8 per rimanere sempre aggiornati e creare capi innovativi.","og_url":"https:\/\/ricamificiomigra.it\/macrame\/","og_site_name":"migra","article_modified_time":"2025-03-19T17:48:28+00:00","og_image":[{"width":1601,"height":787,"url":"https:\/\/ricamificiomigra.it\/wp-content\/uploads\/2020\/09\/Macrame_1.jpg","type":"image\/jpeg"}],"twitter_card":"summary_large_image","twitter_misc":{"Dur\u00e9e de lecture estim\u00e9e":"3 minutes"},"schema":{"@context":"https:\/\/schema.org","@graph":[{"@type":"WebPage","@id":"https:\/\/ricamificiomigra.it\/macrame\/","url":"https:\/\/ricamificiomigra.it\/macrame\/","name":"Macram\u00e8 - Mi.Gra s.r.l","isPartOf":{"@id":"https:\/\/ricamificiomigra.it\/#website"},"primaryImageOfPage":{"@id":"https:\/\/ricamificiomigra.it\/macrame\/#primaryimage"},"image":{"@id":"https:\/\/ricamificiomigra.it\/macrame\/#primaryimage"},"thumbnailUrl":"https:\/\/ricamificiomigra.it\/wp-content\/uploads\/2020\/09\/Macrame_1.jpg","datePublished":"2020-02-13T10:42:32+00:00","dateModified":"2025-03-19T17:48:28+00:00","description":"Nelle nostre collezioni rivisitiamo e modernizziamo la tecnica del macram\u00e8 per rimanere sempre aggiornati e creare capi innovativi.","breadcrumb":{"@id":"https:\/\/ricamificiomigra.it\/macrame\/#breadcrumb"},"inLanguage":"fr-FR","potentialAction":[{"@type":"ReadAction","target":["https:\/\/ricamificiomigra.it\/macrame\/"]}]},{"@type":"ImageObject","inLanguage":"fr-FR","@id":"https:\/\/ricamificiomigra.it\/macrame\/#primaryimage","url":"https:\/\/ricamificiomigra.it\/wp-content\/uploads\/2020\/09\/Macrame_1.jpg","contentUrl":"https:\/\/ricamificiomigra.it\/wp-content\/uploads\/2020\/09\/Macrame_1.jpg","width":1601,"height":787,"caption":"Macrame"},{"@type":"BreadcrumbList","@id":"https:\/\/ricamificiomigra.it\/macrame\/#breadcrumb","itemListElement":[{"@type":"ListItem","position":1,"name":"Home","item":"https:\/\/ricamificiomigra.it\/"},{"@type":"ListItem","position":2,"name":"MACRAM\u00c8"}]},{"@type":"WebSite","@id":"https:\/\/ricamificiomigra.it\/#website","url":"https:\/\/ricamificiomigra.it\/","name":"migra","description":"Un nuovo sito targato WordPress","publisher":{"@id":"https:\/\/ricamificiomigra.it\/#organization"},"potentialAction":[{"@type":"SearchAction","target":{"@type":"EntryPoint","urlTemplate":"https:\/\/ricamificiomigra.it\/?s={search_term_string}"},"query-input":{"@type":"PropertyValueSpecification","valueRequired":true,"valueName":"search_term_string"}}],"inLanguage":"fr-FR"},{"@type":"Organization","@id":"https:\/\/ricamificiomigra.it\/#organization","name":"Migra","url":"https:\/\/ricamificiomigra.it\/","logo":{"@type":"ImageObject","inLanguage":"fr-FR","@id":"https:\/\/ricamificiomigra.it\/#\/schema\/logo\/image\/","url":"https:\/\/ricamificiomigra.it\/wp-content\/uploads\/2020\/11\/cropped-MIGRA-logoM.jpg","contentUrl":"https:\/\/ricamificiomigra.it\/wp-content\/uploads\/2020\/11\/cropped-MIGRA-logoM.jpg","width":512,"height":512,"caption":"Migra"},"image":{"@id":"https:\/\/ricamificiomigra.it\/#\/schema\/logo\/image\/"}}]}},"_links":{"self":[{"href":"https:\/\/ricamificiomigra.it\/fr\/wp-json\/wp\/v2\/pages\/83276","targetHints":{"allow":["GET"]}}],"collection":[{"href":"https:\/\/ricamificiomigra.it\/fr\/wp-json\/wp\/v2\/pages"}],"about":[{"href":"https:\/\/ricamificiomigra.it\/fr\/wp-json\/wp\/v2\/types\/page"}],"author":[{"embeddable":true,"href":"https:\/\/ricamificiomigra.it\/fr\/wp-json\/wp\/v2\/users\/1"}],"replies":[{"embeddable":true,"href":"https:\/\/ricamificiomigra.it\/fr\/wp-json\/wp\/v2\/comments?post=83276"}],"version-history":[{"count":37,"href":"https:\/\/ricamificiomigra.it\/fr\/wp-json\/wp\/v2\/pages\/83276\/revisions"}],"predecessor-version":[{"id":112381,"href":"https:\/\/ricamificiomigra.it\/fr\/wp-json\/wp\/v2\/pages\/83276\/revisions\/112381"}],"wp:featuredmedia":[{"embeddable":true,"href":"https:\/\/ricamificiomigra.it\/fr\/wp-json\/wp\/v2\/media\/88143"}],"wp:attachment":[{"href":"https:\/\/ricamificiomigra.it\/fr\/wp-json\/wp\/v2\/media?parent=83276"}],"curies":[{"name":"wp","href":"https:\/\/api.w.org\/{rel}","templated":true}]}}